{"id":4,"date":"2017-11-17T10:07:43","date_gmt":"2017-11-17T10:07:43","guid":{"rendered":"https:\/\/leeger.net\/zuckermais\/?page_id=4"},"modified":"2024-04-03T21:47:32","modified_gmt":"2024-04-03T19:47:32","slug":"zuckermais-aus-steinmaur","status":"publish","type":"page","link":"https:\/\/leeger.net\/","title":{"rendered":"Wir sagen Danke und Tsch\u00fcss"},"content":{"rendered":"\n<p>Nach 30 Jahren verabschieden wir uns von der Zuckermaisproduktion. Wir, Bea &amp; Martin sagen Tsch\u00fcss und bedanken uns bei einer treuen privaten Kundschaft, unseren Marktfahrern, unseren Hofl\u00e4den und den Familien, die uns die Standorte der Verkaufsk\u00fchlschr\u00e4nke erm\u00f6glichten.<\/p>\n\n\n\n<p>In dieser Zeit wurden 18 Zuckermaisfeste wurden gefeiert und wir durften viele tolle Begegnungen erfahren. Wehmut kommt bestimmt auch auf.<\/p>\n\n\n\n<figure class=\"wp-block-image\"><img decoding=\"async\" loading=\"lazy\" width=\"600\" height=\"400\" src=\"https:\/\/leeger.net\/wp-content\/uploads\/2017\/11\/zuckermais-feld-mit-bea-und-martin-leeger.jpg\" alt=\"Bea und Martin Leeger im Zuckermais-Feld\" class=\"wp-image-5\" srcset=\"https:\/\/leeger.net\/wp-content\/uploads\/2017\/11\/zuckermais-feld-mit-bea-und-martin-leeger.jpg 600w, https:\/\/leeger.net\/wp-content\/uploads\/2017\/11\/zuckermais-feld-mit-bea-und-martin-leeger-300x200.jpg 300w, https:\/\/leeger.net\/wp-content\/uploads\/2017\/11\/zuckermais-feld-mit-bea-und-martin-leeger-120x80.jpg 120w, https:\/\/leeger.net\/wp-content\/uploads\/2017\/11\/zuckermais-feld-mit-bea-und-martin-leeger-360x240.jpg 360w, https:\/\/leeger.net\/wp-content\/uploads\/2017\/11\/zuckermais-feld-mit-bea-und-martin-leeger-480x320.jpg 480w\" sizes=\"(max-width: 600px) 100vw, 600px\" \/><\/figure>\n\n\n\n<h2>\u00dcbergabe an Kollegen<\/h2>\n\n\n\n<p>Die Internetadresse ZUCKERMAIS.CH \u00fcbergeben wir in neue H\u00e4nde. Der Familienbetrieb Huber Gem\u00fcse S\u00fcnikon ist letztes Jahr in die Zuckermaisproduktion eingestiegen und ein w\u00fcrdiger Nachfolger.<\/p>\n\n\n\n<p>Unsere Verkaufsk\u00fchlschr\u00e4nke werden ebenfalls in fachkundige H\u00e4nde abgegeben und werden weitergef\u00fchrt von N\u00f6tzli Gem\u00fcsebau in Bachs.<\/p>\n","protected":false},"excerpt":{"rendered":"<p>Nach 30 Jahren verabschieden wir uns von der Zuckermaisproduktion. Wir, Bea &amp; Martin sagen Tsch\u00fcss und bedanken uns bei einer&#8230;<\/p>\n","protected":false},"author":1,"featured_media":0,"parent":0,"menu_order":0,"comment_status":"closed","ping_status":"closed","template":"template-centered.php","meta":[],"_links":{"self":[{"href":"https:\/\/leeger.net\/index.php?rest_route=\/wp\/v2\/pages\/4"}],"collection":[{"href":"https:\/\/leeger.net\/index.php?rest_route=\/wp\/v2\/pages"}],"about":[{"href":"https:\/\/leeger.net\/index.php?rest_route=\/wp\/v2\/types\/page"}],"author":[{"embeddable":true,"href":"https:\/\/leeger.net\/index.php?rest_route=\/wp\/v2\/users\/1"}],"replies":[{"embeddable":true,"href":"https:\/\/leeger.net\/index.php?rest_route=%2Fwp%2Fv2%2Fcomments&post=4"}],"version-history":[{"count":22,"href":"https:\/\/leeger.net\/index.php?rest_route=\/wp\/v2\/pages\/4\/revisions"}],"predecessor-version":[{"id":355,"href":"https:\/\/leeger.net\/index.php?rest_route=\/wp\/v2\/pages\/4\/revisions\/355"}],"wp:attachment":[{"href":"https:\/\/leeger.net\/index.php?rest_route=%2Fwp%2Fv2%2Fmedia&parent=4"}],"curies":[{"name":"wp","href":"https:\/\/api.w.org\/{rel}","templated":true}]}}